{"id":16923,"date":"2026-03-02T06:50:25","date_gmt":"2026-03-02T06:50:25","guid":{"rendered":"https:\/\/histyle-furniture.com\/?post_type=product&#038;p=16923"},"modified":"2026-03-02T06:58:00","modified_gmt":"2026-03-02T06:58:00","slug":"ghe-don-kik-2-pvc-wh","status":"publish","type":"product","link":"https:\/\/histyle-furniture.com\/en\/product\/ghe-don-kik-2-pvc-wh\/","title":{"rendered":"GH\u1ebe \u0110\u00d4N KIK-2 PVC &#8211; WH"},"content":{"rendered":"<p>T\u00ean s\u1ea3n ph\u1ea9m : GH\u1ebe \u0110\u00d4N KIK-2 PVC &#8211; WH<br \/>\nTh\u01b0\u01a1ng hi\u1ec7u : Histyle<br \/>\nXu\u1ea5t x\u1ee9 : Vi\u1ec7t Nam<br \/>\nTi\u00eau chu\u1ea9n xu\u1ea5t kh\u1ea9u Nh\u1eadt B\u1ea3n<br \/>\nCh\u1ea5t li\u1ec7u : PVC \/ ch\u00e2n s\u1eaft<br \/>\nK\u00edch th\u01b0\u1edbc (d\u00e0i * r\u1ed9ng * cao) : 370 * 370 * 865 (mm)<\/p>","protected":false},"excerpt":{"rendered":"<p>T\u00ean s\u1ea3n ph\u1ea9m : GH\u1ebe \u0110\u00d4N KIK-2 PVC &#8211; WH Th\u01b0\u01a1ng hi\u1ec7u : Histyle Xu\u1ea5t x\u1ee9 : Vi\u1ec7t Nam Ti\u00eau chu\u1ea9n xu\u1ea5t [&hellip;]<\/p>","protected":false},"featured_media":16924,"comment_status":"open","ping_status":"closed","template":"","meta":[],"product_cat":[89,389,398,391,357,90],"product_tag":[278,171,205],"aioseo_notices":[],"_links":{"self":[{"href":"https:\/\/histyle-furniture.com\/en\/wp-json\/wp\/v2\/product\/16923"}],"collection":[{"href":"https:\/\/histyle-furniture.com\/en\/wp-json\/wp\/v2\/product"}],"about":[{"href":"https:\/\/histyle-furniture.com\/en\/wp-json\/wp\/v2\/types\/product"}],"replies":[{"embeddable":true,"href":"https:\/\/histyle-furniture.com\/en\/wp-json\/wp\/v2\/comments?post=16923"}],"version-history":[{"count":1,"href":"https:\/\/histyle-furniture.com\/en\/wp-json\/wp\/v2\/product\/16923\/revisions"}],"predecessor-version":[{"id":16928,"href":"https:\/\/histyle-furniture.com\/en\/wp-json\/wp\/v2\/product\/16923\/revisions\/16928"}],"wp:featuredmedia":[{"embeddable":true,"href":"https:\/\/histyle-furniture.com\/en\/wp-json\/wp\/v2\/media\/16924"}],"wp:attachment":[{"href":"https:\/\/histyle-furniture.com\/en\/wp-json\/wp\/v2\/media?parent=16923"}],"wp:term":[{"taxonomy":"product_cat","embeddable":true,"href":"https:\/\/histyle-furniture.com\/en\/wp-json\/wp\/v2\/product_cat?post=16923"},{"taxonomy":"product_tag","embeddable":true,"href":"https:\/\/histyle-furniture.com\/en\/wp-json\/wp\/v2\/product_tag?post=16923"}],"curies":[{"name":"wp","href":"https:\/\/api.w.org\/{rel}","templated":true}]}}