{"id":14847,"date":"2024-05-07T04:28:45","date_gmt":"2024-05-07T04:28:45","guid":{"rendered":"https:\/\/histyle-furniture.com\/?post_type=product&#038;p=14847"},"modified":"2025-08-27T08:05:34","modified_gmt":"2025-08-27T08:05:34","slug":"ghe-tre-em-1p-minipo-lbr","status":"publish","type":"product","link":"https:\/\/histyle-furniture.com\/en\/product\/ghe-tre-em-1p-minipo-lbr\/","title":{"rendered":"GH\u1ebe TR\u1eba EM 1P MINIPO &#8211; LBR"},"content":{"rendered":"<p>T\u00ean s\u1ea3n ph\u1ea9m : GH\u1ebe TR\u1eba EM 1P &#8211; NA\/LBR<br \/>\nTh\u01b0\u01a1ng hi\u1ec7u : Histyle<br \/>\nXu\u1ea5t x\u1ee9 : Vi\u1ec7t Nam<br \/>\nTi\u00eau chu\u1ea9n xu\u1ea5t kh\u1ea9u Nh\u1eadt B\u1ea3n<br \/>\nCh\u1ea5t li\u1ec7u : <span data-sheets-root=\"1\" data-sheets-value=\"{&quot;1&quot;:2,&quot;2&quot;:&quot;PVC \/ g\u1ed7 oak \/ g\u1ed7 ash \/ g\u1ed7 alder&quot;}\" data-sheets-userformat=\"{&quot;2&quot;:14844,&quot;5&quot;:{&quot;1&quot;:[{&quot;1&quot;:2,&quot;2&quot;:0,&quot;5&quot;:{&quot;1&quot;:2,&quot;2&quot;:0}},{&quot;1&quot;:0,&quot;2&quot;:0,&quot;3&quot;:3},{&quot;1&quot;:1,&quot;2&quot;:0,&quot;4&quot;:1}]},&quot;6&quot;:{&quot;1&quot;:[{&quot;1&quot;:2,&quot;2&quot;:0,&quot;5&quot;:{&quot;1&quot;:2,&quot;2&quot;:0}},{&quot;1&quot;:0,&quot;2&quot;:0,&quot;3&quot;:3},{&quot;1&quot;:1,&quot;2&quot;:0,&quot;4&quot;:1}]},&quot;7&quot;:{&quot;1&quot;:[{&quot;1&quot;:2,&quot;2&quot;:0,&quot;5&quot;:{&quot;1&quot;:2,&quot;2&quot;:0}},{&quot;1&quot;:0,&quot;2&quot;:0,&quot;3&quot;:3},{&quot;1&quot;:1,&quot;2&quot;:0,&quot;4&quot;:1}]},&quot;8&quot;:{&quot;1&quot;:[{&quot;1&quot;:2,&quot;2&quot;:0,&quot;5&quot;:{&quot;1&quot;:2,&quot;2&quot;:0}},{&quot;1&quot;:0,&quot;2&quot;:0,&quot;3&quot;:3},{&quot;1&quot;:1,&quot;2&quot;:0,&quot;4&quot;:1}]},&quot;9&quot;:1,&quot;10&quot;:1,&quot;11&quot;:4,&quot;14&quot;:{&quot;1&quot;:2,&quot;2&quot;:0},&quot;15&quot;:&quot;Calibri&quot;,&quot;16&quot;:13}\" data-sheets-formula=\"=IFERROR(INDEX(IMPORTRANGE(&quot;https:\/\/docs.google.com\/spreadsheets\/d\/1gDEigMkLcQMEWH5yCGEXsZL0ynRKED_4IxYSqYnElT4\/edit#gid=0&quot;,&quot;D\u1eef li\u1ec7u!$A:$V&quot;),MATCH(R[0]C1,IMPORTRANGE(&quot;https:\/\/docs.google.com\/spreadsheets\/d\/1gDEigMkLcQMEWH5yCGEXsZL0ynRKED_4IxYSqYnElT4\/edit#gid=0&quot;,&quot;D\u1eef li\u1ec7u!$A:$A&quot;),0),MATCH(&quot;CH\u1ea4T LI\u1ec6U&quot;,IMPORTRANGE(&quot;https:\/\/docs.google.com\/spreadsheets\/d\/1gDEigMkLcQMEWH5yCGEXsZL0ynRKED_4IxYSqYnElT4\/edit#gid=0&quot;,&quot;D\u1eef li\u1ec7u!$1:$1&quot;),0)),&quot;&quot;)\">PVC \/ g\u1ed7 oak \/ g\u1ed7 ash \/ g\u1ed7 alder<\/span><br \/>\nM\u00e0u s\u1eafc : Light Brown<br \/>\nK\u00edch th\u01b0\u1edbc (d\u00e0i * r\u1ed9ng * cao) : 430 * 420 * 420 (mm)<\/p>\n<p>T\u1ea5t c\u1ea3 c\u00e1c s\u1ea3n ph\u1ea9m ph\u1ea3i \u0111\u1ea1t y\u00eau c\u1ea7u kh\u00f4ng s\u1eed d\u1ee5ng amin trong qu\u00e1 tr\u00ecnh nhu\u1ed9m.<br \/>\nC\u00e1c g\u00f3c c\u1ea1nh \u0111\u01b0\u1ee3c bo tr\u00f2n t\u1ea1o \u0111\u1ed9 an to\u00e0n cho tr\u1ebb nh\u1ecf.<br \/>\n\u0110\u1ed9 phai m\u00e0u c\u1ee7a v\u1ea3i, \u0111\u1ed3 b\u1ec1n (l\u1ef1c x\u00e9, l\u1ef1c c\u0103ng), \u0111\u1ed9 an to\u00e0n khi gi\u1eb7t, s\u1ea5y v\u1ea3i \u0111\u1ec1u \u0111\u01b0\u1ee3c test v\u00e0 ki\u1ec3m nghi\u1ec7m k\u0129 tr\u01b0\u1edbc khi \u0111\u01b0a ra th\u1ecb tr\u01b0\u1eddng.<\/p>\n<p>Mi\u1ec5n ph\u00ed giao h\u00e0ng v\u00e0 l\u1eafp \u0111\u1eb7t tr\u00ean \u0111\u1ecba b\u00e0n Tp. H\u1ed3 Ch\u00ed Minh v\u00e0 B\u00ecnh D\u01b0\u01a1ng.<br \/>\nNhanh tay li\u00ean h\u1ec7 v\u1edbi Histyle Furniture ngay h\u00f4m nay \u0111\u1ec3 nh\u1eadn \u0111\u01b0\u1ee3c \u01b0u \u0111\u00e3i 30%.<\/p>\n<p>&#8212;&#8212;&#8212;&#8212;&#8212;&#8212;&#8212;&#8212;&#8212;&#8212;&#8212;&#8212;&#8212;&#8212;&#8212;&#8212;&#8212;&#8211;<\/p>\n<p>HISTYLE FURNITURE &#8211; N\u1ed8I TH\u1ea4T NH\u1eacT B\u1ea2N<\/p>\n<p>? \u0110\u1ecba ch\u1ec9 v\u0103n ph\u00f2ng: 52 \u0110\u00f4ng Du, P. B\u1ebfn Ngh\u00e9, Qu\u1eadn 1, TP. H\u1ed3 Ch\u00ed Minh<\/p>\n<p>? \u0110\u1ecba ch\u1ec9 Showroom: 125A C\u1ed9ng Ho\u00e0, Ph\u01b0\u1eddng 12, Qu\u1eadn T\u00e2n B\u00ecnh, TP. H\u1ed3 Ch\u00ed Minh<\/p>\n<p>? Website: https:\/\/histyle-furniture.com\/<\/p>\n<p>\u270d Fanpage: https:\/\/www.facebook.com\/noithathistyle<\/p>\n<p>? Tiktok: https:\/\/www.tiktok.com\/@histyle_furniture?lang=vi-VN<\/p>\n<p>?S\u0110T: 0378 708 738<\/p>\n<p>? Email: furniture.histyle@gmail.com<\/p>","protected":false},"excerpt":{"rendered":"<p>T\u00ean s\u1ea3n ph\u1ea9m : GH\u1ebe TR\u1eba EM 1P &#8211; NA\/LBR Th\u01b0\u01a1ng hi\u1ec7u : Histyle Xu\u1ea5t x\u1ee9 : Vi\u1ec7t Nam Ti\u00eau chu\u1ea9n xu\u1ea5t [&hellip;]<\/p>","protected":false},"featured_media":14850,"comment_status":"open","ping_status":"closed","template":"","meta":[],"product_cat":[412,89,392,357,90,351,361],"product_tag":[352,122],"aioseo_notices":[],"_links":{"self":[{"href":"https:\/\/histyle-furniture.com\/en\/wp-json\/wp\/v2\/product\/14847"}],"collection":[{"href":"https:\/\/histyle-furniture.com\/en\/wp-json\/wp\/v2\/product"}],"about":[{"href":"https:\/\/histyle-furniture.com\/en\/wp-json\/wp\/v2\/types\/product"}],"replies":[{"embeddable":true,"href":"https:\/\/histyle-furniture.com\/en\/wp-json\/wp\/v2\/comments?post=14847"}],"version-history":[{"count":3,"href":"https:\/\/histyle-furniture.com\/en\/wp-json\/wp\/v2\/product\/14847\/revisions"}],"predecessor-version":[{"id":15676,"href":"https:\/\/histyle-furniture.com\/en\/wp-json\/wp\/v2\/product\/14847\/revisions\/15676"}],"wp:featuredmedia":[{"embeddable":true,"href":"https:\/\/histyle-furniture.com\/en\/wp-json\/wp\/v2\/media\/14850"}],"wp:attachment":[{"href":"https:\/\/histyle-furniture.com\/en\/wp-json\/wp\/v2\/media?parent=14847"}],"wp:term":[{"taxonomy":"product_cat","embeddable":true,"href":"https:\/\/histyle-furniture.com\/en\/wp-json\/wp\/v2\/product_cat?post=14847"},{"taxonomy":"product_tag","embeddable":true,"href":"https:\/\/histyle-furniture.com\/en\/wp-json\/wp\/v2\/product_tag?post=14847"}],"curies":[{"name":"wp","href":"https:\/\/api.w.org\/{rel}","templated":true}]}}