{"id":12692,"date":"2023-10-12T09:39:25","date_gmt":"2023-10-12T09:39:25","guid":{"rendered":"https:\/\/histyle-furniture.com\/?post_type=product&#038;p=12692"},"modified":"2025-08-27T08:06:05","modified_gmt":"2025-08-27T08:06:05","slug":"sofa-tre-em-2p-sunday-ye","status":"publish","type":"product","link":"https:\/\/histyle-furniture.com\/en\/product\/sofa-tre-em-2p-sunday-ye\/","title":{"rendered":"SOFA TR\u1eba EM 2P SUNDAY &#8211; YE"},"content":{"rendered":"<p>SOFA TR\u1eba EM 2P &#8211; NA\/YE<\/p>\n<p><span style=\"font-weight: 400\">Ch\u1ea5t li\u1ec7u : v\u1ea3i \/ g\u1ed7 oak\u00a0<\/span><\/p>\n<p><span style=\"font-weight: 400\">K\u00edch th\u01b0\u1edbc (d\u00e0i*r\u1ed9ng*cao) :\u00a0 440 * 420 * 420 (mm)\u00a0<\/span><\/p>\n<p><span style=\"font-weight: 400\">Kh\u1ed1i l\u01b0\u1ee3ng: 4.7 kg<\/span><\/p>\n<p><span style=\"font-weight: 400\">N\u1ed8I DUNG B\u1ea2O H\u00c0NH<\/span><\/p>\n<p><span style=\"font-weight: 400\">S\u1ea3n ph\u1ea9m \u0111\u01b0\u1ee3c b\u1ea3o h\u00e0nh v\u1edbi th\u1eddi h\u1ea1n 02 n\u0103m.<\/span><\/p>\n<p><span style=\"font-weight: 400\">Th\u1eddi h\u1ea1n b\u1ea3o h\u00e0nh \u0111\u01b0\u1ee3c t\u00ednh t\u1eeb ng\u00e0y giao h\u00e0ng. Y\u00eau c\u1ea7u phi\u1ebfu b\u1ea3o h\u00e0nh \u0111\u1ec3 \u0111\u1ed1i chi\u1ebfu.<\/span><\/p>\n<p><span style=\"font-weight: 400\">\u0110I\u1ec0U KI\u1ec6N B\u1ea2O H\u00c0NH<\/span><\/p>\n<p><span style=\"font-weight: 400\">S\u1ea3n ph\u1ea9m \u0111\u01b0\u1ee3c b\u1ea3o h\u00e0nh trong n\u01b0\u1edbc v\u00e0 bao g\u1ed3m c\u00e1c ph\u1ea7n sau: l\u1ed7i khung v\u00e0 k\u1ebft c\u1ea5u, l\u1ed7i c\u1ee7a nh\u00e0 s\u1ea3n xu\u1ea5t.<\/span><\/p>\n<p><span style=\"font-weight: 400\">S\u1ea3n ph\u1ea9m kh\u00f4ng thu\u1ed9c di\u1ec7n b\u1ea3o h\u00e0nh: v\u1ea3i\/da b\u1ecdc n\u1ec7m, g\u1ed1i.<\/span><\/p>\n<p><span style=\"font-weight: 400\">S\u1ea3n ph\u1ea9m c\u00f3 c\u00e1c y\u1ebfu t\u1ed1 do \u0111\u1eb7c t\u00ednh c\u1ee7a g\u1ed7 t\u1ef1 nhi\u00ean nh\u01b0: m\u1eaft g\u1ed7, v\u00e2n g\u1ed7 kh\u00e1c bi\u1ec7t gi\u1eefa c\u00e1c ch\u1ed7 gh\u00e9p, hi\u1ec7n t\u01b0\u1ee3ng h\u00edt th\u1edf c\u1ee7a g\u1ed7 t\u1ef1 nhi\u00ean kh\u00f4ng thu\u1ed9c di\u1ec7n b\u1ea3o h\u00e0nh ho\u1eb7c \u0111\u1ed5i tr\u1ea3.<\/span><\/p>\n<p><span style=\"font-weight: 400\">\u0110i\u1ec1u kho\u1ea3n b\u1ea3o h\u00e0nh kh\u00f4ng \u00e1p d\u1ee5ng cho s\u1ea3n ph\u1ea9m \u0111\u01b0\u1ee3c b\u1ea3o qu\u1ea3n, l\u1eafp \u0111\u1eb7t, s\u1eeda ch\u1eefa v\u00e0 s\u1eed d\u1ee5ng sai h\u01b0\u1edbng d\u1eabn bao g\u1ed3m: s\u1eed d\u1ee5ng sai m\u1ee5c \u0111\u00edch, s\u1eed d\u1ee5ng qu\u00e1 tr\u1ecdng t\u1ea3i, s\u1eed d\u1ee5ng v\u1edbi c\u01b0\u1eddng \u0111\u1ed9 v\u01b0\u1ee3t m\u1ee9c cho ph\u00e9p, t\u1ea9y r\u1eeda kh\u00f4ng \u0111\u00fang quy c\u00e1ch v\u00e0 s\u1ea3n ph\u1ea9m t\u1ea9y r\u1eeda kh\u00f4ng ph\u00f9 h\u1ee3p. \u0110i\u1ec1u ki\u1ec7n b\u1ea3o h\u00e0nh kh\u00f4ng bao g\u1ed3m vi\u1ec7c m\u00e0i m\u00f2n, r\u00e1ch, tr\u1ea7y x\u01b0\u1edbc v\u00e0 c\u00e1c th\u01b0\u01a1ng t\u1ed5n do t\u00e1c \u0111\u1ed9ng ngo\u1ea1i l\u1ef1c hay tai n\u1ea1n trong \u0111i\u1ec1u ki\u1ec7n s\u1eed d\u1ee5ng h\u1eb1ng ng\u00e0y.<\/span><\/p>\n<p><span style=\"font-weight: 400\">S\u1ea3n ph\u1ea9m s\u1ebd kh\u00f4ng \u0111\u01b0\u1ee3c b\u1ea3o h\u00e0nh n\u1ebfu \u0111\u01b0\u1ee3c s\u1eed d\u1ee5ng ngo\u00e0i tr\u1eddi ho\u1eb7c trong m\u00f4i tr\u01b0\u1eddng \u0111\u1ed9 \u1ea9m cao.<\/span><\/p>\n<p>&#8212;&#8212;&#8212;&#8212;&#8212;&#8212;&#8212;&#8212;&#8212;&#8212;&#8212;&#8212;&#8212;&#8212;&#8212;&#8212;&#8212;&#8211;<\/p>\n<p>HISTYLE FURNITURE &#8211; N\u1ed8I TH\u1ea4T NH\u1eacT B\u1ea2N<\/p>\n<p>? \u0110\u1ecba ch\u1ec9 v\u0103n ph\u00f2ng: 52 \u0110\u00f4ng Du, P. B\u1ebfn Ngh\u00e9, Qu\u1eadn 1, TP. H\u1ed3 Ch\u00ed Minh<\/p>\n<p>? \u0110\u1ecba ch\u1ec9 Showroom: 125A C\u1ed9ng Ho\u00e0, Ph\u01b0\u1eddng 12, Qu\u1eadn T\u00e2n B\u00ecnh, TP. H\u1ed3 Ch\u00ed Minh<\/p>\n<p>? Website: https:\/\/histyle-furniture.com\/<\/p>\n<p>\u270d Fanpage: https:\/\/www.facebook.com\/noithathistyle<\/p>\n<p>? Tiktok: https:\/\/www.tiktok.com\/@histyle_furniture?lang=vi-VN<\/p>\n<p>?S\u0110T: 0378 708 738<\/p>\n<p>? Email: furniture.histyle@gmail.com<\/p>","protected":false},"excerpt":{"rendered":"<p>SOFA TR\u1eba EM 2P &#8211; NA\/YE Ch\u1ea5t li\u1ec7u : v\u1ea3i \/ g\u1ed7 oak\u00a0 K\u00edch th\u01b0\u1edbc (d\u00e0i*r\u1ed9ng*cao) :\u00a0 440 * 420 * 420 [&hellip;]<\/p>","protected":false},"featured_media":13703,"comment_status":"open","ping_status":"closed","template":"","meta":[],"product_cat":[412,89,392,358,216,361],"product_tag":[349,122],"aioseo_notices":[],"_links":{"self":[{"href":"https:\/\/histyle-furniture.com\/en\/wp-json\/wp\/v2\/product\/12692"}],"collection":[{"href":"https:\/\/histyle-furniture.com\/en\/wp-json\/wp\/v2\/product"}],"about":[{"href":"https:\/\/histyle-furniture.com\/en\/wp-json\/wp\/v2\/types\/product"}],"replies":[{"embeddable":true,"href":"https:\/\/histyle-furniture.com\/en\/wp-json\/wp\/v2\/comments?post=12692"}],"version-history":[{"count":3,"href":"https:\/\/histyle-furniture.com\/en\/wp-json\/wp\/v2\/product\/12692\/revisions"}],"predecessor-version":[{"id":15678,"href":"https:\/\/histyle-furniture.com\/en\/wp-json\/wp\/v2\/product\/12692\/revisions\/15678"}],"wp:featuredmedia":[{"embeddable":true,"href":"https:\/\/histyle-furniture.com\/en\/wp-json\/wp\/v2\/media\/13703"}],"wp:attachment":[{"href":"https:\/\/histyle-furniture.com\/en\/wp-json\/wp\/v2\/media?parent=12692"}],"wp:term":[{"taxonomy":"product_cat","embeddable":true,"href":"https:\/\/histyle-furniture.com\/en\/wp-json\/wp\/v2\/product_cat?post=12692"},{"taxonomy":"product_tag","embeddable":true,"href":"https:\/\/histyle-furniture.com\/en\/wp-json\/wp\/v2\/product_tag?post=12692"}],"curies":[{"name":"wp","href":"https:\/\/api.w.org\/{rel}","templated":true}]}}